{"id":3109,"date":"2014-12-01T15:12:30","date_gmt":"2014-12-01T14:12:30","guid":{"rendered":"http:\/\/www.deltacom-imprimexpress.com\/?page_id=3109"},"modified":"2014-12-01T15:15:50","modified_gmt":"2014-12-01T14:15:50","slug":"mentions-legales","status":"publish","type":"page","link":"https:\/\/www.deltacom-imprimexpress.com\/?page_id=3109","title":{"rendered":"Mentions L\u00e9gales"},"content":{"rendered":"<p>1 &#8211; Propri\u00e9t\u00e9<br \/>\nLe pr\u00e9sent site Internet (ci-apr\u00e8s \u00ab Site \u00bb), accessible \u00e0 l\u2019adresse URL http:\/\/www.deltacom-imprimexpress.com\u00a0ainsi que ses sous domaines, sont la propri\u00e9t\u00e9 de\u00a0Delta Communication\u00a0immatricul\u00e9e sous le num\u00e9ro\u00a0449 468 131 RCS \u00e0 Evreux. La direction de la publication est \u00e9galement assur\u00e9e par Mme Nad\u00e8ge Cugnier<\/p>\n<p>Nom ou Raison sociale :\u00a0Delta Communication<br \/>\nAdresse :\u00a012 all Parc 27780 GARENNES SUR EURE<br \/>\nAdresse \u00e9lectronique :\u00a0\u00a0deltacommunication@wanadoo.fr<br \/>\nT\u00e9l\u00e9phone :\u00a00232264544<br \/>\nN\u00b0 Registre Commerce :\u00a0449 468 131 RCS Evreux<br \/>\nAdresse si\u00e8ge social :\u00a012 all Parc 27780 GARENNES SUR EURE<br \/>\nN\u00b0 SIRET de l\u2019\u00e9tablissement :\u00a0449468131 000 15<br \/>\nN\u00b0 d&#8217;assujetissement \u00e0 la TVA :\u00a0FR 33 449468131<br \/>\nDirecteur de r\u00e9daction et de publication :\u00a0Nad\u00e8ge Cugnier<br \/>\n2 &#8211; Contenu du Site \u2013 Repr\u00e9sentation<br \/>\nOn entend par contenu du Site (ci-apr\u00e8s \u00ab Contenu \u00bb) la structure g\u00e9n\u00e9rale du Site, l\u2019adresse URL \u00e0 laquelle il est accessible, le nom de domaine correspondant, la charte graphique du Site, les textes, les images anim\u00e9es ou non, les sons dont il est compos\u00e9, les marques et logos de Delta Communication.<\/p>\n<p>Toute repr\u00e9sentation totale ou partielle du Site ou de son Contenu par quelque proc\u00e9d\u00e9 que ce soit, sans autorisation pr\u00e9alable et expresse de M. Pernot, est illicite au sens de l\u2019article L.122-4 du Code de la Propri\u00e9t\u00e9 Intellectuelle et constitue une contrefa\u00e7on sanctionn\u00e9e par les articles L.335-2 et suivants du m\u00eame code.<\/p>\n<p>Il en est de m\u00eame de l\u2019extraction et\/ou l\u2019utilisation totale ou partielle des bases de donn\u00e9es figurant le cas \u00e9ch\u00e9ant sur le Site, qui sont la propri\u00e9t\u00e9 de Delta Communication en sa qualit\u00e9 de producteur et sont prot\u00e9g\u00e9es \u00e0 ce titre en application des dispositions des articles L.341-1 et suivants du Code de la propri\u00e9t\u00e9 intellectuelle.<\/p>\n<p>3 &#8211; Licence d\u2019utilisation<br \/>\nDu seul fait de sa connexion au Site, l\u2019internaute qui consulte le Site (ci-apr\u00e8s \u00ab Visiteur \u00bb) reconna\u00eet accepter de www.deltacom-imprimexpress.com une licence d\u2019utilisation du Contenu strictement limit\u00e9e aux conditions imp\u00e9ratives suivantes :<\/p>\n<p>la licence est accord\u00e9e \u00e0 titre non exclusif ;<\/p>\n<p>le droit d\u2019utilisation conf\u00e9r\u00e9 au Visiteur est personnel et priv\u00e9, ce qui signifie que toute reproduction du Contenu du Site sur un quelconque support pour un usage collectif ou professionnel, m\u00eame en interne dans l\u2019entreprise, est prohib\u00e9e. Il en est de m\u00eame pour toute communication de son Contenu par voie \u00e9lectronique, m\u00eame diffus\u00e9 en intranet ou en extranet d\u2019entreprise ;<\/p>\n<p>le droit d\u2019utilisation comprend seulement l\u2019autorisation de reproduire pour stockage aux fins de repr\u00e9sentation sur \u00e9cran monoposte et de copier en un exemplaire, pour sauvegarde et\/ou tirage papier ;<\/p>\n<p>les pages du Site ne peuvent en aucun cas \u00eatre incluses ou imbriqu\u00e9es dans les pages d\u2019un autre site Internet.<\/p>\n<p>La violation de ces dispositions soumet le contrevenant aux sanctions p\u00e9nales et civiles pr\u00e9vues par la loi fran\u00e7aise.<\/p>\n<p>4 &#8211; Donn\u00e9es personnelles<br \/>\nLe Visiteur est tenu de respecter les dispositions de la loi du 6 janvier 1978 relative \u00e0 l\u2019informatique, aux fichiers et aux libert\u00e9s (ci-apr\u00e8s \u00ab Loi Informatique et Libert\u00e9s \u00bb), dont la violation est passible de sanctions p\u00e9nales.<br \/>\nTout Visiteur doit s\u2019abstenir, s\u2019agissant des informations nominatives auxquelles il acc\u00e8de, de toute collecte, de toute utilisation d\u00e9tourn\u00e9e et, d\u2019une mani\u00e8re g\u00e9n\u00e9rale, de tout acte susceptible de porter atteinte \u00e0 la vie priv\u00e9e ou \u00e0 la r\u00e9putation d\u2019autrui.<\/p>\n<p>La collecte et le traitement par Delta Communication des donn\u00e9es personnelles communiqu\u00e9es par le Visiteur sont n\u00e9cessaires pour r\u00e9pondre \u00e0 ses demandes.<\/p>\n<p>Conform\u00e9ment aux articles 38 \u00e0 40 de la Loi Informatique et Libert\u00e9s, le Visiteur dispose d&#8217;un droit d&#8217;acc\u00e8s, d\u2019opposition et de rectification des donn\u00e9es le concernant qu\u2019il peut exercer aupr\u00e8s de l&#8217;adresse email suivante:\u00a0contact@deltacom-imprimexpress.com<\/p>\n","protected":false},"excerpt":{"rendered":"<p>1 &#8211; Propri\u00e9t\u00e9 Le pr\u00e9sent site Internet (ci-apr\u00e8s \u00ab Site \u00bb), accessible \u00e0 l\u2019adresse URL http:\/\/www.deltacom-imprimexpress.com\u00a0ainsi que ses sous domaines, sont la propri\u00e9t\u00e9 de\u00a0Delta Communication\u00a0immatricul\u00e9e sous le num\u00e9ro\u00a0449 468 131 RCS \u00e0 Evreux. La direction de la publication est \u00e9galement assur\u00e9e par Mme Nad\u00e8ge Cugnier Nom ou Raison sociale :\u00a0Delta Communication Adresse :\u00a012 all Parc [&hellip;]<\/p>\n","protected":false},"author":1,"featured_media":0,"parent":0,"menu_order":0,"comment_status":"closed","ping_status":"open","template":"","meta":[],"_links":{"self":[{"href":"https:\/\/www.deltacom-imprimexpress.com\/index.php?rest_route=\/wp\/v2\/pages\/3109"}],"collection":[{"href":"https:\/\/www.deltacom-imprimexpress.com\/index.php?rest_route=\/wp\/v2\/pages"}],"about":[{"href":"https:\/\/www.deltacom-imprimexpress.com\/index.php?rest_route=\/wp\/v2\/types\/page"}],"author":[{"embeddable":true,"href":"https:\/\/www.deltacom-imprimexpress.com\/index.php?rest_route=\/wp\/v2\/users\/1"}],"replies":[{"embeddable":true,"href":"https:\/\/www.deltacom-imprimexpress.com\/index.php?rest_route=%2Fwp%2Fv2%2Fcomments&post=3109"}],"version-history":[{"count":2,"href":"https:\/\/www.deltacom-imprimexpress.com\/index.php?rest_route=\/wp\/v2\/pages\/3109\/revisions"}],"predecessor-version":[{"id":3111,"href":"https:\/\/www.deltacom-imprimexpress.com\/index.php?rest_route=\/wp\/v2\/pages\/3109\/revisions\/3111"}],"wp:attachment":[{"href":"https:\/\/www.deltacom-imprimexpress.com\/index.php?rest_route=%2Fwp%2Fv2%2Fmedia&parent=3109"}],"curies":[{"name":"wp","href":"https:\/\/api.w.org\/{rel}","templated":true}]}}